{"id":297,"date":"2022-06-07T01:29:39","date_gmt":"2022-06-07T01:29:39","guid":{"rendered":"https:\/\/modtour.travelerwp.com\/?page_id=297"},"modified":"2025-11-28T03:21:52","modified_gmt":"2025-11-28T03:21:52","slug":"about-us","status":"publish","type":"page","link":"https:\/\/fseasonholiday.com\/es\/about-us\/","title":{"rendered":"About Us"},"content":{"rendered":"<div data-elementor-type=\"wp-page\" data-elementor-id=\"297\" class=\"elementor elementor-297\">\n\t\t\t\t\t\t<section class=\"elementor-section elementor-top-section elementor-element elementor-element-54fd89e9 elementor-section-boxed elementor-section-height-default elementor-section-height-default\" data-id=\"54fd89e9\" data-element_type=\"section\" data-e-type=\"section\">\n\t\t\t\t\t\t<div class=\"elementor-container elementor-column-gap-default\">\n\t\t\t\t\t<div class=\"elementor-column elementor-col-100 elementor-top-column elementor-element elementor-element-31a8b999\" data-id=\"31a8b999\" data-element_type=\"column\" data-e-type=\"column\">\n\t\t\t<div class=\"elementor-widget-wrap elementor-element-populated\">\n\t\t\t\t\t\t<div class=\"elementor-element elementor-element-458f1303 elementor-widget elementor-widget-heading\" data-id=\"458f1303\" data-element_type=\"widget\" data-e-type=\"widget\" data-widget_type=\"heading.default\">\n\t\t\t\t<div class=\"elementor-widget-container\">\n\t\t\t\t\t<h2 class=\"elementor-heading-title elementor-size-default\">Sobre la Empresa<\/h2>\t\t\t\t<\/div>\n\t\t\t\t<\/div>\n\t\t\t\t<div class=\"elementor-element elementor-element-4b5b2156 elementor-widget elementor-widget-heading\" data-id=\"4b5b2156\" data-element_type=\"widget\" data-e-type=\"widget\" data-widget_type=\"heading.default\">\n\t\t\t\t<div class=\"elementor-widget-container\">\n\t\t\t\t\t<h2 class=\"elementor-heading-title elementor-size-default\"><p>Durante diez a\u00f1os, hemos sido un nombre de confianza en viajes corporativos y educativos, construyendo una s\u00f3lida red de recursos seleccionados alrededor del mundo, desde gu\u00edas locales profesionales y nuestras propias flotas de veh\u00edculos hasta hoteles socios premium. Ahora, canalizamos esta experiencia para crear experiencias de viaje altamente personalizadas para clientes exigentes que buscan algo m\u00e1s que unas vacaciones est\u00e1ndar.<\/p><p>Ofrecemos soluciones de viaje personalizadas de principio a fin, incluyendo cada detalle dise\u00f1ado a tu medida. Ya sea una inmersi\u00f3n cultural, un escape de aventura o un retiro de lujo, nuestro equipo aporta un conocimiento regional profundo y pasi\u00f3n para curar viajes fluidos y significativos. Lo que nos distingue es nuestra gente: nuestros expertos en destinos han vivido y trabajado en sus regiones durante a\u00f1os, ofreci\u00e9ndote acceso incomparable a joyas ocultas y encuentros aut\u00e9nticos.<\/p><p>Eleginos para un viaje tan \u00fanico como vos\u2014respaldado por conocimiento profesional, recursos globales y un enfoque de servicio personalizado uno a uno. Dejanos transformar tu visi\u00f3n en una realidad inolvidable.<\/p><\/h2>\t\t\t\t<\/div>\n\t\t\t\t<\/div>\n\t\t\t\t\t<\/div>\n\t\t<\/div>\n\t\t\t\t\t<\/div>\n\t\t<\/section>\n\t\t\t\t<section class=\"elementor-section elementor-top-section elementor-element elementor-element-ab6bb6e elementor-section-boxed elementor-section-height-default elementor-section-height-default\" data-id=\"ab6bb6e\" data-element_type=\"section\" data-e-type=\"section\">\n\t\t\t\t\t\t<div class=\"elementor-container elementor-column-gap-default\">\n\t\t\t\t\t<div class=\"elementor-column elementor-col-100 elementor-top-column elementor-element elementor-element-2a1c1120\" data-id=\"2a1c1120\" data-element_type=\"column\" data-e-type=\"column\">\n\t\t\t<div class=\"elementor-widget-wrap elementor-element-populated\">\n\t\t\t\t\t\t<div class=\"elementor-element elementor-element-40486a97 elementor-widget elementor-widget-heading\" data-id=\"40486a97\" data-element_type=\"widget\" data-e-type=\"widget\" data-widget_type=\"heading.default\">\n\t\t\t\t<div class=\"elementor-widget-container\">\n\t\t\t\t\t<h2 class=\"elementor-heading-title elementor-size-default\">Nuestra Misi\u00f3n<\/h2>\t\t\t\t<\/div>\n\t\t\t\t<\/div>\n\t\t\t\t<div class=\"elementor-element elementor-element-328848b elementor-widget elementor-widget-heading\" data-id=\"328848b\" data-element_type=\"widget\" data-e-type=\"widget\" data-widget_type=\"heading.default\">\n\t\t\t\t<div class=\"elementor-widget-container\">\n\t\t\t\t\t<h2 class=\"elementor-heading-title elementor-size-default\">Despertar tu sentido del asombro. Creemos que los viajes deben sentirse, no solo verse. Te sumergimos en el ritmo de la vida local, desde compartir una comida tradicional con una familia hasta aprender oficios ancestrales de maestros artesanos. Nuestra experiencia es tu llave para desbloquear experiencias verdaderamente transformadoras, donde no solo visit\u00e1s un pa\u00eds, sino que viv\u00eds su historia, respir\u00e1s su cultura y sent\u00eds su pulso mucho despu\u00e9s de regresar a casa.<\/h2>\t\t\t\t<\/div>\n\t\t\t\t<\/div>\n\t\t\t\t\t<\/div>\n\t\t<\/div>\n\t\t\t\t\t<\/div>\n\t\t<\/section>\n\t\t<div class=\"elementor-element elementor-element-706a3de e-flex e-con-boxed e-con e-parent\" data-id=\"706a3de\" data-element_type=\"container\" data-e-type=\"container\">\n\t\t\t\t\t<div class=\"e-con-inner\">\n\t\t<div class=\"elementor-element elementor-element-13473d9 e-con-full e-flex e-con e-child\" data-id=\"13473d9\" data-element_type=\"container\" data-e-type=\"container\">\n\t\t\t\t<\/div>\n\t\t<div class=\"elementor-element elementor-element-eaf6bd1 e-con-full e-flex e-con e-child\" data-id=\"eaf6bd1\" data-element_type=\"container\" data-e-type=\"container\">\n\t\t\t\t<div class=\"elementor-element elementor-element-ffed833 elementor-widget elementor-widget-html\" data-id=\"ffed833\" data-element_type=\"widget\" data-e-type=\"widget\" data-widget_type=\"html.default\">\n\t\t\t\t<div class=\"elementor-widget-container\">\n\t\t\t\t\t\n<div class=\"wpcf7 no-js\" id=\"wpcf7-f10324-o1\" lang=\"en-US\" dir=\"ltr\" data-wpcf7-id=\"10324\">\n<div class=\"screen-reader-response\"><p role=\"status\" aria-live=\"polite\" aria-atomic=\"true\"><\/p> <ul><\/ul><\/div>\n<form action=\"\/es\/wp-json\/wp\/v2\/pages\/297#wpcf7-f10324-o1\" method=\"post\" class=\"wpcf7-form init\" aria-label=\"Contact form\" novalidate=\"novalidate\" data-status=\"init\" data-trp-original-action=\"\/es\/wp-json\/wp\/v2\/pages\/297#wpcf7-f10324-o1\">\n<fieldset class=\"hidden-fields-container\"><input type=\"hidden\" name=\"_wpcf7\" value=\"10324\" \/><input type=\"hidden\" name=\"_wpcf7_version\" value=\"6.1\" \/><input type=\"hidden\" name=\"_wpcf7_locale\" value=\"en_US\" \/><input type=\"hidden\" name=\"_wpcf7_unit_tag\" value=\"wpcf7-f10324-o1\" \/><input type=\"hidden\" name=\"_wpcf7_container_post\" value=\"0\" \/><input type=\"hidden\" name=\"_wpcf7_posted_data_hash\" value=\"\" \/>\n<\/fieldset>\n<div class=\"st-contact-form st-border-new\">\n\t<h2>Obtenga un itinerario detallado y el coste\n\t<\/h2>\n\t<div class=\"mt30\">\n\t\t<div class=\"row\">\n\t\t\t<div class=\"col-md-6\">\n\t\t\t\t<div class=\"form-group\">\n\t\t\t\t\t<p><span class=\"wpcf7-form-control-wrap\" data-name=\"your-name\"><input size=\"40\" maxlength=\"400\" class=\"wpcf7-form-control wpcf7-text form-control\" id=\"name\" aria-invalid=\"false\" placeholder=\"Su nombre\" value=\"\" type=\"text\" name=\"your-name\" \/><\/span>\n\t\t\t\t\t<\/p>\n\t\t\t\t<\/div>\n\t\t\t<\/div>\n\t\t\t<div class=\"col-md-6\">\n\t\t\t\t<div class=\"form-group\">\n\t\t\t\t\t<p><span class=\"wpcf7-form-control-wrap\" data-name=\"your-phone\"><input size=\"40\" maxlength=\"400\" class=\"wpcf7-form-control wpcf7-tel wpcf7-text wpcf7-validates-as-tel form-control\" id=\"phone\" aria-invalid=\"false\" placeholder=\"N\u00famero de tel\u00e9fono\" value=\"\" type=\"tel\" name=\"your-phone\" \/><\/span>\n\t\t\t\t\t<\/p>\n\t\t\t\t<\/div>\n\t\t\t<\/div>\n\t\t<\/div>\n\t\t<div class=\"row\">\n\t\t\t<div class=\"col-md-12\">\n\t\t\t\t<div class=\"form-group\">\n\t\t\t\t\t<p><span class=\"wpcf7-form-control-wrap\" data-name=\"email-139\"><input size=\"40\" maxlength=\"400\" class=\"wpcf7-form-control wpcf7-email wpcf7-validates-as-required wpcf7-text wpcf7-validates-as-email form-control\" id=\"email\" aria-required=\"true\" aria-invalid=\"false\" placeholder=\"Su correo electr\u00f3nico\" value=\"\" type=\"email\" name=\"email-139\" \/><\/span>\n\t\t\t\t\t<\/p>\n\t\t\t\t<\/div>\n\t\t\t<\/div>\n\t\t<\/div>\n\t\t<div class=\"row\">\n\t\t\t<div class=\"col-md-12\">\n\t\t\t\t<div class=\"form-group\">\n\t\t\t\t\t<p><span class=\"wpcf7-form-control-wrap\" data-name=\"text-202\"><input size=\"40\" maxlength=\"400\" class=\"wpcf7-form-control wpcf7-text wpcf7-validates-as-required form-control\" id=\"number\" aria-required=\"true\" aria-invalid=\"false\" placeholder=\"N\u00famero de viajeros\" value=\"\" type=\"text\" name=\"text-202\" \/><\/span>\n\t\t\t\t\t<\/p>\n\t\t\t\t<\/div>\n\t\t\t<\/div>\n\t\t<\/div>\n\t\t<div class=\"row\">\n\t\t\t<div class=\"col-md-12\">\n\t\t\t\t<div class=\"form-group\">\n\t\t\t\t\t<p><span class=\"wpcf7-form-control-wrap\" data-name=\"text-203\"><input size=\"40\" maxlength=\"400\" class=\"wpcf7-form-control wpcf7-text wpcf7-validates-as-required form-control\" id=\"month\" aria-required=\"true\" aria-invalid=\"false\" placeholder=\"Mes(es) preferido(s) para viajar\" value=\"\" type=\"text\" name=\"text-203\" \/><\/span>\n\t\t\t\t\t<\/p>\n\t\t\t\t<\/div>\n\t\t\t<\/div>\n\t\t<\/div>\n\t\t<div class=\"row\">\n\t\t\t<div class=\"col-md-12\">\n\t\t\t\t<div class=\"form-group\">\n\t\t\t\t\t<p><span class=\"wpcf7-form-control-wrap\" data-name=\"text-204\"><input size=\"40\" maxlength=\"400\" class=\"wpcf7-form-control wpcf7-text wpcf7-validates-as-required form-control\" id=\"duration\" aria-required=\"true\" aria-invalid=\"false\" placeholder=\"Duraci\u00f3n del viaje\" value=\"\" type=\"text\" name=\"text-204\" \/><\/span>\n\t\t\t\t\t<\/p>\n\t\t\t\t<\/div>\n\t\t\t<\/div>\n\t\t<\/div>\n\t\t<div class=\"form-group\">\n\t\t\t<p><span class=\"wpcf7-form-control-wrap\" data-name=\"message\"><textarea cols=\"40\" rows=\"10\" maxlength=\"2000\" class=\"wpcf7-form-control wpcf7-textarea form-control\" id=\"message\" aria-invalid=\"false\" placeholder=\"Inter\u00e9s\/Historia\/Cultura\/UNESCO\/Senderismo\/Temporada\/etc.\" name=\"message\"><\/textarea><\/span>\n\t\t\t<\/p>\n\t\t<\/div>\n\t\t<div class=\"st-button-subbmit\">\n\t\t\t<p><input class=\"wpcf7-form-control wpcf7-submit has-spinner btn text-center btn-v2 btn-primary\" type=\"submit\" value=\"Enviar\" \/>\n\t\t\t<\/p>\n\t\t<\/div>\n\t<\/div>\n<\/div><div class=\"wpcf7-response-output\" aria-hidden=\"true\"><\/div>\n<input type=\"hidden\" name=\"trp-form-language\" value=\"es\"\/><\/form>\n<\/div>\n\t\t\t\t<\/div>\n\t\t\t\t<\/div>\n\t\t\t\t<\/div>\n\t\t<div class=\"elementor-element elementor-element-d1a83c5 e-con-full e-flex e-con e-child\" data-id=\"d1a83c5\" data-element_type=\"container\" data-e-type=\"container\">\n\t\t\t\t<\/div>\n\t\t\t\t\t<\/div>\n\t\t\t\t<\/div>\n\t\t\t\t<section class=\"elementor-section elementor-top-section elementor-element elementor-element-5c0e1e4f elementor-section-boxed elementor-section-height-default elementor-section-height-default\" data-id=\"5c0e1e4f\" data-element_type=\"section\" data-e-type=\"section\" data-settings=\"{&quot;background_background&quot;:&quot;classic&quot;}\">\n\t\t\t\t\t\t<div class=\"elementor-container elementor-column-gap-default\">\n\t\t\t\t\t<div class=\"elementor-column elementor-col-100 elementor-top-column elementor-element elementor-element-35e3ae46\" data-id=\"35e3ae46\" data-element_type=\"column\" data-e-type=\"column\">\n\t\t\t<div class=\"elementor-widget-wrap elementor-element-populated\">\n\t\t\t\t\t\t<div class=\"elementor-element elementor-element-2a79e870 elementor-widget elementor-widget-heading\" data-id=\"2a79e870\" data-element_type=\"widget\" data-e-type=\"widget\" data-widget_type=\"heading.default\">\n\t\t\t\t<div class=\"elementor-widget-container\">\n\t\t\t\t\t<h2 class=\"elementor-heading-title elementor-size-default\">What our clients say<\/h2>\t\t\t\t<\/div>\n\t\t\t\t<\/div>\n\t\t\t\t<div class=\"elementor-element elementor-element-111e48ec elementor-widget elementor-widget-st_testimonial\" data-id=\"111e48ec\" data-element_type=\"widget\" data-e-type=\"widget\" data-settings=\"{&quot;slides_per_view&quot;:&quot;3&quot;}\" data-widget_type=\"st_testimonial.default\">\n\t\t\t\t<div class=\"elementor-widget-container\">\n\t\t\t\t\t<div class=\"st-testimonial-modern-slider\">\r\n    <div class=\"st-testimonial\" data-effect=\"creative\" data-slides-per-view=\"3\" data-pagination=\"on\" data-navigation=\"on\" data-auto-play=\"off\" data-loop=\"true\" data-delay=\"\">\r\n        <div class=\"service-testimonial-wrapper swiper-container\">\r\n\t\t\t<div class=\"swiper-wrapper\">\r\n                            <div class=\"swiper-slide\">\r\n                    <div class=\"item\">\r\n\r\n                        \r\n                        <p class=\"st-content st-content-lib\">\r\n                            We had an amazing time on this Japan trip! The itinerary was very well organized, and the communication before and during the trip was clear and helpful. Everything ran smoothly, which made traveling around so enjoyable and stress-free.\n\nOur guide Midori was exceptional \u2013 so friendly, knowledgeable, and attentive. She recommendations and local insights made the experience much more memorable.\n\nWe would definitely recommend 4Season to our friends and family.                        <\/p>\r\n                        <div class=\"author-meta author-meta-lib\">\r\n                                                                    <i class=\"review-testimonial stt-icon-star1\"><\/i>\r\n                                                                            <i class=\"review-testimonial stt-icon-star1\"><\/i>\r\n                                                                            <i class=\"review-testimonial stt-icon-star1\"><\/i>\r\n                                                                            <i class=\"review-testimonial stt-icon-star1\"><\/i>\r\n                                                                            <i class=\"review-testimonial stt-icon-star1\"><\/i>\r\n                                                                                                    <h4 class=\"name\">Alicia Dunbar<\/h4>\r\n                                \r\n                                                                <p class=\"office-testimonial office-testimonial-lib\">Customers in U.S.A<\/p>\r\n                                \r\n                        <\/div>\r\n                    <\/div>\r\n                <\/div>\r\n                            <div class=\"swiper-slide\">\r\n                    <div class=\"item\">\r\n\r\n                        \r\n                        <p class=\"st-content st-content-lib\">\r\n                            I really appreciated how responsive and helpful Anna was throughout our Tokyo trip. Every question or request was answered quickly, and the advice you provided was practical and constructive. Your suggestions made our experience smoother and more enjoyable, and we felt well-supported from start to finish.                        <\/p>\r\n                        <div class=\"author-meta author-meta-lib\">\r\n                                                                    <i class=\"review-testimonial stt-icon-star1\"><\/i>\r\n                                                                            <i class=\"review-testimonial stt-icon-star1\"><\/i>\r\n                                                                            <i class=\"review-testimonial stt-icon-star1\"><\/i>\r\n                                                                            <i class=\"review-testimonial stt-icon-star1\"><\/i>\r\n                                                                            <i class=\"review-testimonial stt-icon-star1\"><\/i>\r\n                                                                                                    <h4 class=\"name\">Ralph Timleck<\/h4>\r\n                                \r\n                                                                <p class=\"office-testimonial office-testimonial-lib\">Customers in U.S.A<\/p>\r\n                                \r\n                        <\/div>\r\n                    <\/div>\r\n                <\/div>\r\n                            <div class=\"swiper-slide\">\r\n                    <div class=\"item\">\r\n\r\n                        \r\n                        <p class=\"st-content st-content-lib\">\r\n                            We were really impressed with China\u2019s infrastructure and overall service during our trip. Public facilities were modern, efficient, and very convenient. At the same time, the service we received at hotels, restaurants, and attractions was consistently attentive and friendly. It made our journey smooth, comfortable, and very enjoyable.                        <\/p>\r\n                        <div class=\"author-meta author-meta-lib\">\r\n                                                                    <i class=\"review-testimonial stt-icon-star1\"><\/i>\r\n                                                                            <i class=\"review-testimonial stt-icon-star1\"><\/i>\r\n                                                                            <i class=\"review-testimonial stt-icon-star1\"><\/i>\r\n                                                                            <i class=\"review-testimonial stt-icon-star1\"><\/i>\r\n                                                                            <i class=\"review-testimonial stt-icon-star1\"><\/i>\r\n                                                                                                    <h4 class=\"name\">Andrea Moyle<\/h4>\r\n                                \r\n                                                                <p class=\"office-testimonial office-testimonial-lib\">Customers in UK<\/p>\r\n                                \r\n                        <\/div>\r\n                    <\/div>\r\n                <\/div>\r\n                            <div class=\"swiper-slide\">\r\n                    <div class=\"item\">\r\n\r\n                        \r\n                        <p class=\"st-content st-content-lib\">\r\n                            The experience of witnessing the wildebeest migration in Kenya was truly unforgettable. Seeing thousands of animals moving across the savannah, up close in their natural habitat, was both awe-inspiring and deeply moving. It was a once-in-a-lifetime experience that left us amazed by the beauty and power of African wildlife.\nThank you to 4Season for arranging everything for us.                        <\/p>\r\n                        <div class=\"author-meta author-meta-lib\">\r\n                                                                    <i class=\"review-testimonial stt-icon-star1\"><\/i>\r\n                                                                            <i class=\"review-testimonial stt-icon-star1\"><\/i>\r\n                                                                            <i class=\"review-testimonial stt-icon-star1\"><\/i>\r\n                                                                            <i class=\"review-testimonial stt-icon-star1\"><\/i>\r\n                                                                            <i class=\"review-testimonial stt-icon-star1\"><\/i>\r\n                                                                                                    <h4 class=\"name\">Vincent Roulot<\/h4>\r\n                                \r\n                                                                <p class=\"office-testimonial office-testimonial-lib\">Customers in U.S.A<\/p>\r\n                                \r\n                        <\/div>\r\n                    <\/div>\r\n                <\/div>\r\n                            <div class=\"swiper-slide\">\r\n                    <div class=\"item\">\r\n\r\n                        \r\n                        <p class=\"st-content st-content-lib\">\r\n                            We had an amazing experience in Egypt! The service throughout our trip was attentive, friendly, and very professional, which made everything run smoothly. Visiting the Pyramids was absolutely incredible \u2013 seeing them up close was even more impressive than we imagined. Truly a highlight of our journey!\n                        <\/p>\r\n                        <div class=\"author-meta author-meta-lib\">\r\n                                                                    <i class=\"review-testimonial stt-icon-star1\"><\/i>\r\n                                                                            <i class=\"review-testimonial stt-icon-star1\"><\/i>\r\n                                                                            <i class=\"review-testimonial stt-icon-star1\"><\/i>\r\n                                                                            <i class=\"review-testimonial stt-icon-star1\"><\/i>\r\n                                                                            <i class=\"review-testimonial stt-icon-star1\"><\/i>\r\n                                                                                                    <h4 class=\"name\">Sara Severi<\/h4>\r\n                                \r\n                                                                <p class=\"office-testimonial office-testimonial-lib\">Customers in Singapore<\/p>\r\n                                \r\n                        <\/div>\r\n                    <\/div>\r\n                <\/div>\r\n            \t\t\t<\/div>\r\n        <\/div>\r\n\t\t\t\t<div class=\"swiper-pagination\"><\/div>\r\n\t\t\t\t\t<div class=\"st-button-prev\"><span class=\"stt-icon stt-icon-arrow-left\"><\/span><\/div><div class=\"st-button-next\"><span class=\"stt-icon stt-icon-arrow-right\"><\/span><\/div>\r\n\t\t    <\/div>\r\n<\/div>\r\n\r\n\r\n\t\t\t\t<\/div>\n\t\t\t\t<\/div>\n\t\t\t\t\t<\/div>\n\t\t<\/div>\n\t\t\t\t\t<\/div>\n\t\t<\/section>\n\t\t\t\t<\/div>","protected":false},"excerpt":{"rendered":"<p>About the company For ten years, we have been a trusted name in corporate and educational travel, building a robust network of handpicked resources around the world, from professional local guides and our own vehicle fleets to premium partner hotels. Now, we\u2019re channeling this expertise into creating highly personalized travel experiences for discerning clients seeking [&hellip;]<\/p>","protected":false},"author":1,"featured_media":0,"parent":0,"menu_order":0,"comment_status":"closed","ping_status":"closed","template":"template-blank.php","meta":{"footnotes":""},"class_list":["post-297","page","type-page","status-publish","has-post-thumbnail","hentry"],"_hostinger_reach_plugin_has_subscription_block":false,"_hostinger_reach_plugin_is_elementor":false,"_links":{"self":[{"href":"https:\/\/fseasonholiday.com\/es\/wp-json\/wp\/v2\/pages\/297","targetHints":{"allow":["GET"]}}],"collection":[{"href":"https:\/\/fseasonholiday.com\/es\/wp-json\/wp\/v2\/pages"}],"about":[{"href":"https:\/\/fseasonholiday.com\/es\/wp-json\/wp\/v2\/types\/page"}],"author":[{"embeddable":true,"href":"https:\/\/fseasonholiday.com\/es\/wp-json\/wp\/v2\/users\/1"}],"replies":[{"embeddable":true,"href":"https:\/\/fseasonholiday.com\/es\/wp-json\/wp\/v2\/comments?post=297"}],"version-history":[{"count":54,"href":"https:\/\/fseasonholiday.com\/es\/wp-json\/wp\/v2\/pages\/297\/revisions"}],"predecessor-version":[{"id":11754,"href":"https:\/\/fseasonholiday.com\/es\/wp-json\/wp\/v2\/pages\/297\/revisions\/11754"}],"wp:attachment":[{"href":"https:\/\/fseasonholiday.com\/es\/wp-json\/wp\/v2\/media?parent=297"}],"curies":[{"name":"wp","href":"https:\/\/api.w.org\/{rel}","templated":true}]}}